{"id":109,"date":"2025-06-10T19:19:39","date_gmt":"2025-06-10T19:19:39","guid":{"rendered":"https:\/\/pixelcode.site\/ceja\/?page_id=109"},"modified":"2025-12-03T11:14:56","modified_gmt":"2025-12-03T11:14:56","slug":"what-we-do","status":"publish","type":"page","link":"https:\/\/cejamericas.org\/en\/what-we-do\/","title":{"rendered":"What we do"},"content":{"rendered":"\t\t<div data-elementor-type=\"wp-page\" data-elementor-id=\"109\" class=\"elementor elementor-109\" data-elementor-post-type=\"page\">\n\t\t\t\t<div class=\"elementor-element elementor-element-e5fa9f6 e-flex e-con-boxed e-con e-parent\" data-id=\"e5fa9f6\" data-element_type=\"container\" data-settings=\"{&quot;background_background&quot;:&quot;classic&quot;}\">\n\t\t\t\t\t<div class=\"e-con-inner\">\n\t\t<div class=\"elementor-element elementor-element-f92cf00 e-con-full e-flex e-con e-child\" data-id=\"f92cf00\" data-element_type=\"container\" data-settings=\"{&quot;background_background&quot;:&quot;classic&quot;}\">\n\t\t<div class=\"elementor-element elementor-element-6753042 e-con-full e-flex e-con e-child\" data-id=\"6753042\" data-element_type=\"container\">\n\t\t\t\t<div class=\"elementor-element elementor-element-72a9700 elementor-widget elementor-widget-heading\" data-id=\"72a9700\" data-element_type=\"widget\" data-widget_type=\"heading.default\">\n\t\t\t\t<div class=\"elementor-widget-container\">\n\t\t\t\t\t<h3 class=\"elementor-heading-title elementor-size-default\">What we do<\/h3>\t\t\t\t<\/div>\n\t\t\t\t<\/div>\n\t\t\t\t<div class=\"elementor-element elementor-element-1280731 elementor-widget elementor-widget-heading\" data-id=\"1280731\" data-element_type=\"widget\" data-widget_type=\"heading.default\">\n\t\t\t\t<div class=\"elementor-widget-container\">\n\t\t\t\t\t<div class=\"elementor-heading-title elementor-size-default\">Commitment and experience in transforming justice systems in the Americas<\/div>\t\t\t\t<\/div>\n\t\t\t\t<\/div>\n\t\t\t\t<\/div>\n\t\t\t\t<\/div>\n\t\t\t\t\t<\/div>\n\t\t\t\t<\/div>\n\t\t<div class=\"elementor-element elementor-element-f167c8f e-flex e-con-boxed e-con e-parent\" data-id=\"f167c8f\" data-element_type=\"container\">\n\t\t\t\t\t<div class=\"e-con-inner\">\n\t\t<div class=\"elementor-element elementor-element-b9de539 e-con-full e-flex e-con e-child\" data-id=\"b9de539\" data-element_type=\"container\">\n\t\t<div class=\"elementor-element elementor-element-77096f0 e-con-full e-flex e-con e-child\" data-id=\"77096f0\" data-element_type=\"container\">\n\t\t<div class=\"elementor-element elementor-element-c4e4950 e-con-full elementor-hidden-desktop elementor-hidden-tablet elementor-hidden-mobile e-flex e-con e-child\" data-id=\"c4e4950\" data-element_type=\"container\">\n\t\t\t\t<div class=\"elementor-element elementor-element-10546f4 elementor-widget elementor-widget-heading\" data-id=\"10546f4\" data-element_type=\"widget\" data-widget_type=\"heading.default\">\n\t\t\t\t<div class=\"elementor-widget-container\">\n\t\t\t\t\t<h2 class=\"elementor-heading-title elementor-size-default\">What we do<\/h2>\t\t\t\t<\/div>\n\t\t\t\t<\/div>\n\t\t\t\t<div class=\"elementor-element elementor-element-01fc43f elementor-widget elementor-widget-heading\" data-id=\"01fc43f\" data-element_type=\"widget\" data-widget_type=\"heading.default\">\n\t\t\t\t<div class=\"elementor-widget-container\">\n\t\t\t\t\t<div class=\"elementor-heading-title elementor-size-default\">Impulsamos la modernizaci\u00f3n judicial y el acceso a la justiciaa trav\u00e9s de estudios, capacitaci\u00f3n y asistencia t\u00e9cnica especializada.<\/div>\t\t\t\t<\/div>\n\t\t\t\t<\/div>\n\t\t\t\t<\/div>\n\t\t<div class=\"elementor-element elementor-element-83355a9 e-con-full e-flex e-con e-child\" data-id=\"83355a9\" data-element_type=\"container\">\n\t\t<div class=\"elementor-element elementor-element-5550ed9 e-con-full e-flex e-con e-child\" data-id=\"5550ed9\" data-element_type=\"container\" data-settings=\"{&quot;background_background&quot;:&quot;classic&quot;}\">\n\t\t\t\t<\/div>\n\t\t<div class=\"elementor-element elementor-element-95eff1a e-con-full e-flex e-con e-child\" data-id=\"95eff1a\" data-element_type=\"container\">\n\t\t\t\t<div class=\"elementor-element elementor-element-62eee32 elementor-widget elementor-widget-heading\" data-id=\"62eee32\" data-element_type=\"widget\" data-widget_type=\"heading.default\">\n\t\t\t\t<div class=\"elementor-widget-container\">\n\t\t\t\t\t<h2 class=\"elementor-heading-title elementor-size-default\">Studies and generation of comparative evidence \n<\/h2>\t\t\t\t<\/div>\n\t\t\t\t<\/div>\n\t\t\t\t<div class=\"elementor-element elementor-element-d70ffa5 elementor-widget elementor-widget-heading\" data-id=\"d70ffa5\" data-element_type=\"widget\" data-widget_type=\"heading.default\">\n\t\t\t\t<div class=\"elementor-widget-container\">\n\t\t\t\t\t<h2 class=\"elementor-heading-title elementor-size-default\">We develop national and comparative research that produces technical evidence to strengthen justice systems, promoting reforms and improvements based on data, institutional efficiency and regional good practices. \n\n<\/h2>\t\t\t\t<\/div>\n\t\t\t\t<\/div>\n\t\t\t\t<\/div>\n\t\t\t\t<\/div>\n\t\t<div class=\"elementor-element elementor-element-c5dd7cc e-con-full e-flex e-con e-child\" data-id=\"c5dd7cc\" data-element_type=\"container\">\n\t\t<div class=\"elementor-element elementor-element-3748b96 e-con-full e-flex e-con e-child\" data-id=\"3748b96\" data-element_type=\"container\" data-settings=\"{&quot;background_background&quot;:&quot;classic&quot;}\">\n\t\t\t\t<\/div>\n\t\t<div class=\"elementor-element elementor-element-f3f5aa4 e-con-full e-flex e-con e-child\" data-id=\"f3f5aa4\" data-element_type=\"container\">\n\t\t\t\t<div class=\"elementor-element elementor-element-e0b7965 elementor-widget elementor-widget-heading\" data-id=\"e0b7965\" data-element_type=\"widget\" data-widget_type=\"heading.default\">\n\t\t\t\t<div class=\"elementor-widget-container\">\n\t\t\t\t\t<h2 class=\"elementor-heading-title elementor-size-default\">Specialized training \n<\/h2>\t\t\t\t<\/div>\n\t\t\t\t<\/div>\n\t\t\t\t<div class=\"elementor-element elementor-element-e663221 elementor-widget elementor-widget-heading\" data-id=\"e663221\" data-element_type=\"widget\" data-widget_type=\"heading.default\">\n\t\t\t\t<div class=\"elementor-widget-container\">\n\t\t\t\t\t<h2 class=\"elementor-heading-title elementor-size-default\">We provide training and specialization programs that strengthen the technical and ethical capacities of those who make up the justice systems in the Americas, with an applied, practical approach aimed at transforming justice.  \n<\/h2>\t\t\t\t<\/div>\n\t\t\t\t<\/div>\n\t\t\t\t<\/div>\n\t\t\t\t<\/div>\n\t\t<div class=\"elementor-element elementor-element-7082f29 e-con-full e-flex e-con e-child\" data-id=\"7082f29\" data-element_type=\"container\">\n\t\t<div class=\"elementor-element elementor-element-68aa7d2 e-con-full e-flex e-con e-child\" data-id=\"68aa7d2\" data-element_type=\"container\" data-settings=\"{&quot;background_background&quot;:&quot;classic&quot;}\">\n\t\t\t\t<\/div>\n\t\t<div class=\"elementor-element elementor-element-1a8ced0 e-con-full e-flex e-con e-child\" data-id=\"1a8ced0\" data-element_type=\"container\">\n\t\t\t\t<div class=\"elementor-element elementor-element-8bb5e38 elementor-widget elementor-widget-heading\" data-id=\"8bb5e38\" data-element_type=\"widget\" data-widget_type=\"heading.default\">\n\t\t\t\t<div class=\"elementor-widget-container\">\n\t\t\t\t\t<h2 class=\"elementor-heading-title elementor-size-default\">Technical Assistance <\/h2>\t\t\t\t<\/div>\n\t\t\t\t<\/div>\n\t\t\t\t<div class=\"elementor-element elementor-element-9891543 elementor-widget elementor-widget-heading\" data-id=\"9891543\" data-element_type=\"widget\" data-widget_type=\"heading.default\">\n\t\t\t\t<div class=\"elementor-widget-container\">\n\t\t\t\t\t<h2 class=\"elementor-heading-title elementor-size-default\">We support justice institutions with expert, multidisciplinary assistance to identify opportunities for improvement, design innovative solutions, and optimize their processes and services. We adapt to national contexts and strengthen capacities to achieve a more efficient, accessible, and transparent justice system. \n<\/h2>\t\t\t\t<\/div>\n\t\t\t\t<\/div>\n\t\t\t\t<\/div>\n\t\t\t\t<\/div>\n\t\t<div class=\"elementor-element elementor-element-20451fb e-con-full e-flex e-con e-child\" data-id=\"20451fb\" data-element_type=\"container\">\n\t\t<div class=\"elementor-element elementor-element-8828d15 e-con-full e-flex e-con e-child\" data-id=\"8828d15\" data-element_type=\"container\" data-settings=\"{&quot;background_background&quot;:&quot;classic&quot;}\">\n\t\t\t\t<\/div>\n\t\t<div class=\"elementor-element elementor-element-8b3e3af e-con-full e-flex e-con e-child\" data-id=\"8b3e3af\" data-element_type=\"container\">\n\t\t\t\t<div class=\"elementor-element elementor-element-447af67 elementor-widget elementor-widget-heading\" data-id=\"447af67\" data-element_type=\"widget\" data-widget_type=\"heading.default\">\n\t\t\t\t<div class=\"elementor-widget-container\">\n\t\t\t\t\t<h2 class=\"elementor-heading-title elementor-size-default\">Exchange of good practices and lessons learned <\/h2>\t\t\t\t<\/div>\n\t\t\t\t<\/div>\n\t\t\t\t<div class=\"elementor-element elementor-element-0c10511 elementor-widget elementor-widget-heading\" data-id=\"0c10511\" data-element_type=\"widget\" data-widget_type=\"heading.default\">\n\t\t\t\t<div class=\"elementor-widget-container\">\n\t\t\t\t\t<h2 class=\"elementor-heading-title elementor-size-default\">We facilitate the exchange of experiences, best practices and lessons learned between institutions and people in the judicial field, promoting continuous improvement, institutional innovation and evidence-based decision-making. \n<\/h2>\t\t\t\t<\/div>\n\t\t\t\t<\/div>\n\t\t\t\t<\/div>\n\t\t\t\t<\/div>\n\t\t\t\t<\/div>\n\t\t\t\t<\/div>\n\t\t\t\t\t<\/div>\n\t\t\t\t<\/div>\n\t\t\t\t<\/div>\n\t\t","protected":false},"excerpt":{"rendered":"<p>Commitment and experience in transforming justice systems in the Americas Impulsamos la modernizaci\u00f3n judicial y el acceso a la justiciaa trav\u00e9s de estudios, capacitaci\u00f3n y asistencia t\u00e9cnica especializada. Studies and generation of comparative evidence We develop national and comparative research that produces technical evidence to strengthen justice systems, promoting reforms and improvements based on data, &#8230; <a title=\"What we do\" class=\"read-more\" href=\"https:\/\/cejamericas.org\/en\/what-we-do\/\" aria-label=\"Read more about What we do\">Read more<\/a><\/p>\n","protected":false},"author":1,"featured_media":0,"parent":0,"menu_order":0,"comment_status":"closed","ping_status":"closed","template":"elementor_header_footer","meta":{"_acf_changed":false,"footnotes":""},"class_list":["post-109","page","type-page","status-publish"],"acf":[],"yoast_head":"<!-- This site is optimized with the Yoast SEO plugin v26.6 - https:\/\/yoast.com\/wordpress\/plugins\/seo\/ -->\n<title>What we do - Cejamericas<\/title>\n<meta name=\"robots\" content=\"index, follow, max-snippet:-1, max-image-preview:large, max-video-preview:-1\" \/>\n<link rel=\"canonical\" href=\"https:\/\/cejamericas.org\/en\/what-we-do\/\" \/>\n<meta property=\"og:locale\" content=\"en_US\" \/>\n<meta property=\"og:type\" content=\"article\" \/>\n<meta property=\"og:title\" content=\"What we do - Cejamericas\" \/>\n<meta property=\"og:description\" content=\"Commitment and experience in transforming justice systems in the Americas Impulsamos la modernizaci\u00f3n judicial y el acceso a la justiciaa trav\u00e9s de estudios, capacitaci\u00f3n y asistencia t\u00e9cnica especializada. Studies and generation of comparative evidence We develop national and comparative research that produces technical evidence to strengthen justice systems, promoting reforms and improvements based on data, ... Read more\" \/>\n<meta property=\"og:url\" content=\"https:\/\/cejamericas.org\/en\/what-we-do\/\" \/>\n<meta property=\"og:site_name\" content=\"Cejamericas\" \/>\n<meta property=\"article:publisher\" content=\"https:\/\/www.facebook.com\/CEJAoficial\/\" \/>\n<meta property=\"article:modified_time\" content=\"2025-12-03T11:14:56+00:00\" \/>\n<meta name=\"twitter:card\" content=\"summary_large_image\" \/>\n<meta name=\"twitter:site\" content=\"@CEJAoficial\" \/>\n<meta name=\"twitter:label1\" content=\"Est. reading time\" \/>\n\t<meta name=\"twitter:data1\" content=\"1 minute\" \/>\n<script type=\"application\/ld+json\" class=\"yoast-schema-graph\">{\"@context\":\"https:\/\/schema.org\",\"@graph\":[{\"@type\":\"WebPage\",\"@id\":\"https:\/\/cejamericas.org\/en\/what-we-do\/\",\"url\":\"https:\/\/cejamericas.org\/en\/what-we-do\/\",\"name\":\"What we do - Cejamericas\",\"isPartOf\":{\"@id\":\"https:\/\/cejamericas.org\/en\/#website\"},\"datePublished\":\"2025-06-10T19:19:39+00:00\",\"dateModified\":\"2025-12-03T11:14:56+00:00\",\"breadcrumb\":{\"@id\":\"https:\/\/cejamericas.org\/en\/what-we-do\/#breadcrumb\"},\"inLanguage\":\"en-US\",\"potentialAction\":[{\"@type\":\"ReadAction\",\"target\":[\"https:\/\/cejamericas.org\/en\/what-we-do\/\"]}]},{\"@type\":\"BreadcrumbList\",\"@id\":\"https:\/\/cejamericas.org\/en\/what-we-do\/#breadcrumb\",\"itemListElement\":[{\"@type\":\"ListItem\",\"position\":1,\"name\":\"Home\",\"item\":\"https:\/\/cejamericas.org\/en\/\"},{\"@type\":\"ListItem\",\"position\":2,\"name\":\"What we do\"}]},{\"@type\":\"WebSite\",\"@id\":\"https:\/\/cejamericas.org\/en\/#website\",\"url\":\"https:\/\/cejamericas.org\/en\/\",\"name\":\"Cejamericas\",\"description\":\"Justice Studies Center of the Americas\",\"publisher\":{\"@id\":\"https:\/\/cejamericas.org\/en\/#organization\"},\"potentialAction\":[{\"@type\":\"SearchAction\",\"target\":{\"@type\":\"EntryPoint\",\"urlTemplate\":\"https:\/\/cejamericas.org\/en\/?s={search_term_string}\"},\"query-input\":{\"@type\":\"PropertyValueSpecification\",\"valueRequired\":true,\"valueName\":\"search_term_string\"}}],\"inLanguage\":\"en-US\"},{\"@type\":\"Organization\",\"@id\":\"https:\/\/cejamericas.org\/en\/#organization\",\"name\":\"Cejamericas\",\"url\":\"https:\/\/cejamericas.org\/en\/\",\"logo\":{\"@type\":\"ImageObject\",\"inLanguage\":\"en-US\",\"@id\":\"https:\/\/cejamericas.org\/en\/#\/schema\/logo\/image\/\",\"url\":\"https:\/\/cejamericas.org\/wp-content\/uploads\/2025\/06\/logo-ceja-menu.png\",\"contentUrl\":\"https:\/\/cejamericas.org\/wp-content\/uploads\/2025\/06\/logo-ceja-menu.png\",\"width\":552,\"height\":214,\"caption\":\"Cejamericas\"},\"image\":{\"@id\":\"https:\/\/cejamericas.org\/en\/#\/schema\/logo\/image\/\"},\"sameAs\":[\"https:\/\/www.facebook.com\/CEJAoficial\/\",\"https:\/\/x.com\/CEJAoficial\"]}]}<\/script>\n<!-- \/ Yoast SEO plugin. -->","yoast_head_json":{"title":"What we do - Cejamericas","robots":{"index":"index","follow":"follow","max-snippet":"max-snippet:-1","max-image-preview":"max-image-preview:large","max-video-preview":"max-video-preview:-1"},"canonical":"https:\/\/cejamericas.org\/en\/what-we-do\/","og_locale":"en_US","og_type":"article","og_title":"What we do - Cejamericas","og_description":"Commitment and experience in transforming justice systems in the Americas Impulsamos la modernizaci\u00f3n judicial y el acceso a la justiciaa trav\u00e9s de estudios, capacitaci\u00f3n y asistencia t\u00e9cnica especializada. Studies and generation of comparative evidence We develop national and comparative research that produces technical evidence to strengthen justice systems, promoting reforms and improvements based on data, ... Read more","og_url":"https:\/\/cejamericas.org\/en\/what-we-do\/","og_site_name":"Cejamericas","article_publisher":"https:\/\/www.facebook.com\/CEJAoficial\/","article_modified_time":"2025-12-03T11:14:56+00:00","twitter_card":"summary_large_image","twitter_site":"@CEJAoficial","twitter_misc":{"Est. reading time":"1 minute"},"schema":{"@context":"https:\/\/schema.org","@graph":[{"@type":"WebPage","@id":"https:\/\/cejamericas.org\/en\/what-we-do\/","url":"https:\/\/cejamericas.org\/en\/what-we-do\/","name":"What we do - Cejamericas","isPartOf":{"@id":"https:\/\/cejamericas.org\/en\/#website"},"datePublished":"2025-06-10T19:19:39+00:00","dateModified":"2025-12-03T11:14:56+00:00","breadcrumb":{"@id":"https:\/\/cejamericas.org\/en\/what-we-do\/#breadcrumb"},"inLanguage":"en-US","potentialAction":[{"@type":"ReadAction","target":["https:\/\/cejamericas.org\/en\/what-we-do\/"]}]},{"@type":"BreadcrumbList","@id":"https:\/\/cejamericas.org\/en\/what-we-do\/#breadcrumb","itemListElement":[{"@type":"ListItem","position":1,"name":"Home","item":"https:\/\/cejamericas.org\/en\/"},{"@type":"ListItem","position":2,"name":"What we do"}]},{"@type":"WebSite","@id":"https:\/\/cejamericas.org\/en\/#website","url":"https:\/\/cejamericas.org\/en\/","name":"Cejamericas","description":"Justice Studies Center of the Americas","publisher":{"@id":"https:\/\/cejamericas.org\/en\/#organization"},"potentialAction":[{"@type":"SearchAction","target":{"@type":"EntryPoint","urlTemplate":"https:\/\/cejamericas.org\/en\/?s={search_term_string}"},"query-input":{"@type":"PropertyValueSpecification","valueRequired":true,"valueName":"search_term_string"}}],"inLanguage":"en-US"},{"@type":"Organization","@id":"https:\/\/cejamericas.org\/en\/#organization","name":"Cejamericas","url":"https:\/\/cejamericas.org\/en\/","logo":{"@type":"ImageObject","inLanguage":"en-US","@id":"https:\/\/cejamericas.org\/en\/#\/schema\/logo\/image\/","url":"https:\/\/cejamericas.org\/wp-content\/uploads\/2025\/06\/logo-ceja-menu.png","contentUrl":"https:\/\/cejamericas.org\/wp-content\/uploads\/2025\/06\/logo-ceja-menu.png","width":552,"height":214,"caption":"Cejamericas"},"image":{"@id":"https:\/\/cejamericas.org\/en\/#\/schema\/logo\/image\/"},"sameAs":["https:\/\/www.facebook.com\/CEJAoficial\/","https:\/\/x.com\/CEJAoficial"]}]}},"_links":{"self":[{"href":"https:\/\/cejamericas.org\/en\/wp-json\/wp\/v2\/pages\/109","targetHints":{"allow":["GET"]}}],"collection":[{"href":"https:\/\/cejamericas.org\/en\/wp-json\/wp\/v2\/pages"}],"about":[{"href":"https:\/\/cejamericas.org\/en\/wp-json\/wp\/v2\/types\/page"}],"author":[{"embeddable":true,"href":"https:\/\/cejamericas.org\/en\/wp-json\/wp\/v2\/users\/1"}],"replies":[{"embeddable":true,"href":"https:\/\/cejamericas.org\/en\/wp-json\/wp\/v2\/comments?post=109"}],"version-history":[{"count":0,"href":"https:\/\/cejamericas.org\/en\/wp-json\/wp\/v2\/pages\/109\/revisions"}],"wp:attachment":[{"href":"https:\/\/cejamericas.org\/en\/wp-json\/wp\/v2\/media?parent=109"}],"curies":[{"name":"wp","href":"https:\/\/api.w.org\/{rel}","templated":true}]}}